{"id":19,"date":"2025-04-22T15:03:05","date_gmt":"2025-04-22T13:03:05","guid":{"rendered":"https:\/\/fightmanclub.pl\/?page_id=19"},"modified":"2025-04-25T17:38:15","modified_gmt":"2025-04-25T15:38:15","slug":"kontakt","status":"publish","type":"page","link":"https:\/\/fightmanclub.pl\/index.php\/kontakt\/","title":{"rendered":"Kontakt"},"content":{"rendered":"<style>.kb-row-layout-id19_5866b7-51 > .kt-row-column-wrap{align-content:start;}:where(.kb-row-layout-id19_5866b7-51 > .kt-row-column-wrap) > .wp-block-kadence-column{justify-content:start;}.kb-row-layout-id19_5866b7-51 > .kt-row-column-wrap{column-gap:var(--global-kb-gap-none, 0rem );row-gap:var(--global-kb-gap-md, 2rem);max-width:var( --global-content-width, 1290px );padding-left:var(--global-content-edge-padding);padding-right:var(--global-content-edge-padding);grid-template-columns:minmax(0, calc(15% - ((var(--global-kb-gap-none, 0rem ) * 1 )\/2)))minmax(0, calc(85% - ((var(--global-kb-gap-none, 0rem ) * 1 )\/2)));}.kb-row-layout-id19_5866b7-51{--breakout-negative-margin-right:calc( ( ( ( var(--global-vw, 100vw) - ( var( --global-content-width, 1290px ) - ( var(--global-content-edge-padding)*2 ) ) ) \/ 2 ) *-1) + -1px);--breakout-negative-margin-left:calc( ( ( ( var(--global-vw, 100vw) - ( var( --global-content-width, 1290px ) - ( var(--global-content-edge-padding)*2 ) ) ) \/ 2 ) *-1) + -1px);}@media all and (min-width:1290px){.kb-row-layout-id19_5866b7-51 > .kt-row-column-wrap > .wp-block-kadence-column:nth-child(1 of *:not(style)):not(.specificity){margin-inline-start:var(--breakout-negative-margin-left);}}.kb-row-layout-id19_5866b7-51 > .kt-row-layout-overlay{opacity:0.30;}@media all and (min-width: 1025px){.kb-row-layout-id19_5866b7-51 > .kt-row-column-wrap > .wp-block-kadence-column:nth-child(1 of *:not(style)){margin-inline-start:calc( var(--global-content-edge-padding) *-1 );}}@media all and (max-width: 1024px){.kb-row-layout-id19_5866b7-51 > .kt-row-column-wrap{grid-template-columns:minmax(0, 1fr);}}@media all and (min-width: 768px) and (max-width: 1024px){.kb-row-layout-id19_5866b7-51 > .kt-row-column-wrap:not(.kt-tab-layout-row) > .wp-block-kadence-column:nth-child(1 of *:not(style)){margin-inline-start:calc( var(--global-content-edge-padding) *-1 );}}@media all and (max-width: 767px){.kb-row-layout-id19_5866b7-51 > .kt-row-column-wrap{grid-template-columns:minmax(0, 1fr);}}<\/style><div class=\"kb-row-layout-wrap kb-row-layout-id19_5866b7-51 alignfull has-theme-palette9-background-color kt-row-has-bg wp-block-kadence-rowlayout\"><div class=\"kt-row-column-wrap kt-has-2-columns kt-row-layout-right-golden kt-tab-layout-row kt-mobile-layout-row kt-row-valign-top kt-inner-column-height-full kb-theme-content-width\">\n<style>.kadence-column19_80f12a-ea > .kt-inside-inner-col{display:flex;}.kadence-column19_80f12a-ea > .kt-inside-inner-col,.kadence-column19_80f12a-ea > .kt-inside-inner-col:before{border-top-left-radius:0px;border-top-right-radius:0px;border-bottom-right-radius:0px;border-bottom-left-radius:0px;}.kadence-column19_80f12a-ea > .kt-inside-inner-col{row-gap:var(--global-kb-gap-none, 0rem );column-gap:var(--global-kb-gap-sm, 1rem);}.kadence-column19_80f12a-ea > .kt-inside-inner-col{flex-direction:row;flex-wrap:wrap;align-items:center;justify-content:flex-end;}.kadence-column19_80f12a-ea > .kt-inside-inner-col > *, .kadence-column19_80f12a-ea > .kt-inside-inner-col > figure.wp-block-image, .kadence-column19_80f12a-ea > .kt-inside-inner-col > figure.wp-block-kadence-image{margin-top:0px;margin-bottom:0px;}.kadence-column19_80f12a-ea > .kt-inside-inner-col > .kb-image-is-ratio-size{flex-grow:1;}.kadence-column19_80f12a-ea > .kt-inside-inner-col{background-color:var(--global-palette7, #EDF2F7);}.kadence-column19_80f12a-ea > .kt-inside-inner-col:before{opacity:0.3;}.kadence-column19_80f12a-ea{position:relative;}@media all and (max-width: 1024px){.kadence-column19_80f12a-ea > .kt-inside-inner-col{flex-direction:column;justify-content:center;align-items:stretch;flex-wrap:nowrap;}}@media all and (max-width: 1024px){.wp-block-kadence-column.kb-section-dir-horizontal.kadence-column19_80f12a-ea > .kt-inside-inner-col > *{-webkit-flex:unset;flex:unset;}}@media all and (max-width: 1024px){.wp-block-kadence-column.kb-section-dir-horizontal.kadence-column19_80f12a-ea > .kt-inside-inner-col > .wp-block-kadence-infobox{align-self:unset;}}@media all and (max-width: 767px){.kadence-column19_80f12a-ea > .kt-inside-inner-col{flex-direction:column;justify-content:center;align-items:stretch;}}<\/style>\n<div class=\"wp-block-kadence-column kadence-column19_80f12a-ea kb-section-dir-horizontal kb-section-md-dir-vertical\"><div class=\"kt-inside-inner-col\"><style>.wp-block-kadence-advancedheading.kt-adv-heading19_4423ba-1e, .wp-block-kadence-advancedheading.kt-adv-heading19_4423ba-1e[data-kb-block=\"kb-adv-heading19_4423ba-1e\"]{max-width:300px;margin-right:0px;margin-left:auto;padding-top:var(--global-kb-spacing-lg, 3rem);padding-right:var(--global-kb-spacing-lg, 3rem);padding-bottom:var(--global-kb-spacing-lg, 3rem);padding-left:var(--global-kb-spacing-xxl, 5rem);text-align:right;font-size:var(--global-kb-font-size-xl, 3rem);font-style:normal;letter-spacing:1px;writing-mode:sideways-lr;text-orientation:sideways;}.wp-block-kadence-advancedheading.kt-adv-heading19_4423ba-1e mark.kt-highlight, .wp-block-kadence-advancedheading.kt-adv-heading19_4423ba-1e[data-kb-block=\"kb-adv-heading19_4423ba-1e\"] mark.kt-highlight{font-style:normal;color:#f76a0c;-webkit-box-decoration-break:clone;box-decoration-break:clone;padding-top:0px;padding-right:0px;padding-bottom:0px;padding-left:0px;}.wp-block-kadence-advancedheading.kt-adv-heading19_4423ba-1e img.kb-inline-image, .wp-block-kadence-advancedheading.kt-adv-heading19_4423ba-1e[data-kb-block=\"kb-adv-heading19_4423ba-1e\"] img.kb-inline-image{width:150px;vertical-align:baseline;}@media all and (max-width: 1024px){.wp-block-kadence-advancedheading.kt-adv-heading19_4423ba-1e, .wp-block-kadence-advancedheading.kt-adv-heading19_4423ba-1e[data-kb-block=\"kb-adv-heading19_4423ba-1e\"]{max-width:700px;padding-top:var(--global-kb-spacing-lg, 3rem);padding-right:var(--global-kb-spacing-xs, 1rem);padding-bottom:var(--global-kb-spacing-xs, 1rem);padding-left:var(--global-kb-spacing-xs, 1rem);writing-mode:horizontal-tb;text-orientation:mixed;text-align:center!important;}}<\/style>\n<h2 class=\"kt-adv-heading19_4423ba-1e wp-block-kadence-advancedheading has-theme-palette-3-color has-text-color\" data-kb-block=\"kb-adv-heading19_4423ba-1e\">Kontakt<\/h2>\n<\/div><\/div>\n\n\n<style>.kadence-column19_6999ed-9a > .kt-inside-inner-col{display:flex;}.kadence-column19_6999ed-9a > .kt-inside-inner-col,.kadence-column19_6999ed-9a > .kt-inside-inner-col:before{border-top-left-radius:0px;border-top-right-radius:0px;border-bottom-right-radius:0px;border-bottom-left-radius:0px;}.kadence-column19_6999ed-9a > .kt-inside-inner-col{column-gap:var(--global-kb-gap-sm, 1rem);}.kadence-column19_6999ed-9a > .kt-inside-inner-col{flex-direction:column;justify-content:center;}.kadence-column19_6999ed-9a > .kt-inside-inner-col > .aligncenter{width:100%;}.kt-row-column-wrap > .kadence-column19_6999ed-9a{align-self:center;}.kt-inner-column-height-full:not(.kt-has-1-columns) > .wp-block-kadence-column.kadence-column19_6999ed-9a{align-self:auto;}.kt-inner-column-height-full:not(.kt-has-1-columns) > .wp-block-kadence-column.kadence-column19_6999ed-9a > .kt-inside-inner-col{flex-direction:column;justify-content:center;}.kadence-column19_6999ed-9a > .kt-inside-inner-col:before{opacity:0.3;}.kadence-column19_6999ed-9a{position:relative;}@media all and (max-width: 1024px){.kt-row-column-wrap > .kadence-column19_6999ed-9a{align-self:center;}}@media all and (max-width: 1024px){.kt-inner-column-height-full:not(.kt-has-1-columns) > .wp-block-kadence-column.kadence-column19_6999ed-9a{align-self:auto;}}@media all and (max-width: 1024px){.kt-inner-column-height-full:not(.kt-has-1-columns) > .wp-block-kadence-column.kadence-column19_6999ed-9a > .kt-inside-inner-col{flex-direction:column;justify-content:center;}}@media all and (max-width: 1024px){.kadence-column19_6999ed-9a > .kt-inside-inner-col{flex-direction:column;justify-content:center;}}@media all and (max-width: 767px){.kt-row-column-wrap > .kadence-column19_6999ed-9a{align-self:center;}.kt-inner-column-height-full:not(.kt-has-1-columns) > .wp-block-kadence-column.kadence-column19_6999ed-9a{align-self:auto;}.kt-inner-column-height-full:not(.kt-has-1-columns) > .wp-block-kadence-column.kadence-column19_6999ed-9a > .kt-inside-inner-col{flex-direction:column;justify-content:center;}.kadence-column19_6999ed-9a > .kt-inside-inner-col{flex-direction:column;justify-content:center;}}<\/style>\n<div class=\"wp-block-kadence-column kadence-column19_6999ed-9a kb-section-sm-dir-vertical\"><div class=\"kt-inside-inner-col\"><style>.kb-row-layout-id19_d53cdc-ab > .kt-row-column-wrap{align-content:start;}:where(.kb-row-layout-id19_d53cdc-ab > .kt-row-column-wrap) > .wp-block-kadence-column{justify-content:start;}.kb-row-layout-id19_d53cdc-ab > .kt-row-column-wrap{column-gap:var(--global-kb-gap-md, 2rem);row-gap:var(--global-kb-gap-md, 2rem);padding-top:var(--global-kb-spacing-sm, 1.5rem);padding-bottom:var(--global-kb-spacing-sm, 1.5rem);grid-template-columns:minmax(0, 1fr) minmax(0, 2fr);}.kb-row-layout-id19_d53cdc-ab > .kt-row-layout-overlay{opacity:0.30;}@media all and (max-width: 1024px){.kb-row-layout-id19_d53cdc-ab > .kt-row-column-wrap{grid-template-columns:minmax(0, 1fr) minmax(0, 2fr);}}@media all and (max-width: 767px){.kb-row-layout-id19_d53cdc-ab > .kt-row-column-wrap{grid-template-columns:minmax(0, 1fr);}}<\/style><div class=\"kb-row-layout-wrap kb-row-layout-id19_d53cdc-ab alignnone wp-block-kadence-rowlayout\"><div class=\"kt-row-column-wrap kt-has-2-columns kt-row-layout-right-golden kt-tab-layout-inherit kt-mobile-layout-row kt-row-valign-top\">\n<style>.kadence-column19_fba583-61 > .kt-inside-inner-col{padding-top:var(--global-kb-spacing-sm, 1.5rem);padding-right:var(--global-kb-spacing-sm, 1.5rem);padding-bottom:var(--global-kb-spacing-sm, 1.5rem);padding-left:var(--global-kb-spacing-sm, 1.5rem);}.kadence-column19_fba583-61 > .kt-inside-inner-col,.kadence-column19_fba583-61 > .kt-inside-inner-col:before{border-top-left-radius:0px;border-top-right-radius:0px;border-bottom-right-radius:0px;border-bottom-left-radius:0px;}.kadence-column19_fba583-61 > .kt-inside-inner-col{column-gap:var(--global-kb-gap-sm, 1rem);}.kadence-column19_fba583-61 > .kt-inside-inner-col{flex-direction:column;}.kadence-column19_fba583-61 > .kt-inside-inner-col > .aligncenter{width:100%;}.kadence-column19_fba583-61 > .kt-inside-inner-col:before{opacity:0.3;}.kadence-column19_fba583-61{position:relative;}@media all and (max-width: 1024px){.kadence-column19_fba583-61 > .kt-inside-inner-col{flex-direction:column;justify-content:center;}}@media all and (max-width: 767px){.kadence-column19_fba583-61 > .kt-inside-inner-col{flex-direction:column;justify-content:center;}}<\/style>\n<div class=\"wp-block-kadence-column kadence-column19_fba583-61\"><div class=\"kt-inside-inner-col\"><style>.wp-block-kadence-iconlist.kt-svg-icon-list-items19_8a0485-c5:not(.this-stops-third-party-issues){margin-top:0px;margin-bottom:0px;}.wp-block-kadence-iconlist.kt-svg-icon-list-items19_8a0485-c5 ul.kt-svg-icon-list:not(.this-prevents-issues):not(.this-stops-third-party-issues):not(.tijsloc){margin-top:0px;margin-right:0px;margin-bottom:var(--global-kb-spacing-sm, 1.5rem);margin-left:0px;}.wp-block-kadence-iconlist.kt-svg-icon-list-items19_8a0485-c5 ul.kt-svg-icon-list{grid-row-gap:5px;}.wp-block-kadence-iconlist.kt-svg-icon-list-items19_8a0485-c5 ul.kt-svg-icon-list .kt-svg-icon-list-item-wrap .kt-svg-icon-list-single{margin-right:10px;}.kt-svg-icon-list-items19_8a0485-c5 ul.kt-svg-icon-list .kt-svg-icon-list-level-0 .kt-svg-icon-list-single svg{font-size:20px;}<\/style>\n<div class=\"wp-block-kadence-iconlist kt-svg-icon-list-items kt-svg-icon-list-items19_8a0485-c5 kt-svg-icon-list-columns-1 alignnone\"><ul class=\"kt-svg-icon-list\"><style>.kt-svg-icon-list-item-19_d8978b-0b .kt-svg-icon-list-single{font-size:25px !important;}.kt-svg-icon-list-item-19_d8978b-0b .kt-svg-icon-list-text mark.kt-highlight{background-color:unset;font-weight:700;font-style:normal;color:#f76a0c;-webkit-box-decoration-break:clone;box-decoration-break:clone;padding-top:0px;padding-right:0px;padding-bottom:0px;padding-left:0px;}<\/style>\n<li class=\"wp-block-kadence-listitem kt-svg-icon-list-item-wrap kt-svg-icon-list-item-19_d8978b-0b\"><span class=\"kb-svg-icon-wrap kb-svg-icon-fe_phone kt-svg-icon-list-single\"><svg viewBox=\"0 0 24 24\"  fill=\"none\" stroke=\"currentColor\" stroke-width=\"2\" stroke-linecap=\"round\" stroke-linejoin=\"round\" xmlns=\"http:\/\/www.w3.org\/2000\/svg\"  aria-hidden=\"true\"><path d=\"M22 16.92v3a2 2 0 0 1-2.18 2 19.79 19.79 0 0 1-8.63-3.07 19.5 19.5 0 0 1-6-6 19.79 19.79 0 0 1-3.07-8.67A2 2 0 0 1 4.11 2h3a2 2 0 0 1 2 1.72 12.84 12.84 0 0 0 .7 2.81 2 2 0 0 1-.45 2.11L8.09 9.91a16 16 0 0 0 6 6l1.27-1.27a2 2 0 0 1 2.11-.45 12.84 12.84 0 0 0 2.81.7A2 2 0 0 1 22 16.92z\"\/><\/svg><\/span><span class=\"kt-svg-icon-list-text\">kom. 607 491 631<\/span><\/li>\n\n\n<style>.kt-svg-icon-list-item-19_b6e262-f3 .kt-svg-icon-list-single{font-size:25px !important;}.kt-svg-icon-list-item-19_b6e262-f3 .kt-svg-icon-list-text mark.kt-highlight{background-color:unset;font-weight:700;font-style:normal;color:#f76a0c;-webkit-box-decoration-break:clone;box-decoration-break:clone;padding-top:0px;padding-right:0px;padding-bottom:0px;padding-left:0px;}<\/style>\n<li class=\"wp-block-kadence-listitem kt-svg-icon-list-item-wrap kt-svg-icon-list-item-19_b6e262-f3\"><span class=\"kb-svg-icon-wrap kb-svg-icon-fe_phone kt-svg-icon-list-single\"><svg viewBox=\"0 0 24 24\"  fill=\"none\" stroke=\"currentColor\" stroke-width=\"2\" stroke-linecap=\"round\" stroke-linejoin=\"round\" xmlns=\"http:\/\/www.w3.org\/2000\/svg\"  aria-hidden=\"true\"><path d=\"M22 16.92v3a2 2 0 0 1-2.18 2 19.79 19.79 0 0 1-8.63-3.07 19.5 19.5 0 0 1-6-6 19.79 19.79 0 0 1-3.07-8.67A2 2 0 0 1 4.11 2h3a2 2 0 0 1 2 1.72 12.84 12.84 0 0 0 .7 2.81 2 2 0 0 1-.45 2.11L8.09 9.91a16 16 0 0 0 6 6l1.27-1.27a2 2 0 0 1 2.11-.45 12.84 12.84 0 0 0 2.81.7A2 2 0 0 1 22 16.92z\"\/><\/svg><\/span><span class=\"kt-svg-icon-list-text\">kom. 532 399 064<\/span><\/li>\n\n\n<style>.kt-svg-icon-list-item-19_b23bd3-ff .kt-svg-icon-list-single{font-size:25px !important;}.kt-svg-icon-list-item-19_b23bd3-ff .kt-svg-icon-list-text mark.kt-highlight{background-color:unset;font-weight:700;font-style:normal;color:#f76a0c;-webkit-box-decoration-break:clone;box-decoration-break:clone;padding-top:0px;padding-right:0px;padding-bottom:0px;padding-left:0px;}<\/style>\n<li class=\"wp-block-kadence-listitem kt-svg-icon-list-item-wrap kt-svg-icon-list-item-19_b23bd3-ff\"><span class=\"kb-svg-icon-wrap kb-svg-icon-fe_mail kt-svg-icon-list-single\"><svg viewBox=\"0 0 24 24\"  fill=\"none\" stroke=\"currentColor\" stroke-width=\"2\" stroke-linecap=\"round\" stroke-linejoin=\"round\" xmlns=\"http:\/\/www.w3.org\/2000\/svg\"  aria-hidden=\"true\"><path d=\"M4 4h16c1.1 0 2 .9 2 2v12c0 1.1-.9 2-2 2H4c-1.1 0-2-.9-2-2V6c0-1.1.9-2 2-2z\"\/><polyline points=\"22,6 12,13 2,6\"\/><\/svg><\/span><span class=\"kt-svg-icon-list-text\">tomaszkn@gmail.com<\/span><\/li>\n\n\n<style>.kt-svg-icon-list-item-19_385bad-cb .kt-svg-icon-list-single{font-size:25px !important;}.kt-svg-icon-list-item-19_385bad-cb .kt-svg-icon-list-text mark.kt-highlight{background-color:unset;font-weight:700;font-style:normal;color:#f76a0c;-webkit-box-decoration-break:clone;box-decoration-break:clone;padding-top:0px;padding-right:0px;padding-bottom:0px;padding-left:0px;}<\/style>\n<li class=\"wp-block-kadence-listitem kt-svg-icon-list-item-wrap kt-svg-icon-list-item-19_385bad-cb\"><span class=\"kb-svg-icon-wrap kb-svg-icon-fe_mail kt-svg-icon-list-single\"><svg viewBox=\"0 0 24 24\"  fill=\"none\" stroke=\"currentColor\" stroke-width=\"2\" stroke-linecap=\"round\" stroke-linejoin=\"round\" xmlns=\"http:\/\/www.w3.org\/2000\/svg\"  aria-hidden=\"true\"><path d=\"M4 4h16c1.1 0 2 .9 2 2v12c0 1.1-.9 2-2 2H4c-1.1 0-2-.9-2-2V6c0-1.1.9-2 2-2z\"\/><polyline points=\"22,6 12,13 2,6\"\/><\/svg><\/span><span class=\"kt-svg-icon-list-text\">hubimma@gmail.com<\/span><\/li>\n<\/ul><\/div>\n\n\n<style>.wp-block-kadence-advancedheading.kt-adv-heading19_6326d3-97, .wp-block-kadence-advancedheading.kt-adv-heading19_6326d3-97[data-kb-block=\"kb-adv-heading19_6326d3-97\"]{font-size:var(--global-kb-font-size-md, 1.25rem);font-style:normal;}.wp-block-kadence-advancedheading.kt-adv-heading19_6326d3-97 mark.kt-highlight, .wp-block-kadence-advancedheading.kt-adv-heading19_6326d3-97[data-kb-block=\"kb-adv-heading19_6326d3-97\"] mark.kt-highlight{font-style:normal;color:#f76a0c;-webkit-box-decoration-break:clone;box-decoration-break:clone;padding-top:0px;padding-right:0px;padding-bottom:0px;padding-left:0px;}.wp-block-kadence-advancedheading.kt-adv-heading19_6326d3-97 img.kb-inline-image, .wp-block-kadence-advancedheading.kt-adv-heading19_6326d3-97[data-kb-block=\"kb-adv-heading19_6326d3-97\"] img.kb-inline-image{width:150px;vertical-align:baseline;}<\/style>\n<h3 class=\"kt-adv-heading19_6326d3-97 wp-block-kadence-advancedheading has-theme-palette-3-color has-text-color\" data-kb-block=\"kb-adv-heading19_6326d3-97\">Adres<\/h3>\n\n\n\n<p>ul. Poniatowskiego 40, poziom -1,<br>Wej\u015bcie od boku budynku<br>32-700 Bochnia<\/p>\n<\/div><\/div>\n\n\n<style>.kadence-column19_80d69f-0a > .kt-inside-inner-col{padding-top:var(--global-kb-spacing-sm, 1.5rem);padding-right:var(--global-kb-spacing-sm, 1.5rem);padding-bottom:var(--global-kb-spacing-sm, 1.5rem);padding-left:var(--global-kb-spacing-sm, 1.5rem);}.kadence-column19_80d69f-0a > .kt-inside-inner-col,.kadence-column19_80d69f-0a > .kt-inside-inner-col:before{border-top-left-radius:0px;border-top-right-radius:0px;border-bottom-right-radius:0px;border-bottom-left-radius:0px;}.kadence-column19_80d69f-0a > .kt-inside-inner-col{column-gap:var(--global-kb-gap-sm, 1rem);}.kadence-column19_80d69f-0a > .kt-inside-inner-col{flex-direction:column;}.kadence-column19_80d69f-0a > .kt-inside-inner-col > .aligncenter{width:100%;}.kadence-column19_80d69f-0a > .kt-inside-inner-col:before{opacity:0.3;}.kadence-column19_80d69f-0a{position:relative;}@media all and (max-width: 1024px){.kadence-column19_80d69f-0a > .kt-inside-inner-col{flex-direction:column;justify-content:center;}}@media all and (max-width: 767px){.kadence-column19_80d69f-0a > .kt-inside-inner-col{flex-direction:column;justify-content:center;}}<\/style>\n<div class=\"wp-block-kadence-column kadence-column19_80d69f-0a\"><div class=\"kt-inside-inner-col\"><p><div class=\"forminator-ui forminator-custom-form forminator-custom-form-80 forminator-design--basic forminator-custom forminator_ajax\" data-forminator-render=\"0\" data-form=\"forminator-module-80\" data-uid=\"6a07a18edb816\"><br\/><\/div><form\n\t\t\t\tid=\"forminator-module-80\"\n\t\t\t\tclass=\"forminator-ui forminator-custom-form forminator-custom-form-80 forminator-design--basic forminator-custom forminator_ajax\"\n\t\t\t\tmethod=\"post\"\n\t\t\t\tdata-forminator-render=\"0\"\n\t\t\t\tdata-form-id=\"80\"\n\t\t\t\t data-color-option=\"theme\" data-design=\"basic\" data-grid=\"custom\" style=\"display: none;\"\n\t\t\t\tdata-uid=\"6a07a18edb816\"\n\t\t\t><div role=\"alert\" aria-live=\"polite\" class=\"forminator-response-message forminator-error\" aria-hidden=\"true\"><\/div><div class=\"forminator-row\"><div id=\"name-1\" class=\"forminator-field-name forminator-col forminator-col-12 \"><div class=\"forminator-field\"><label for=\"forminator-field-name-1_6a07a18edb816\" id=\"forminator-field-name-1_6a07a18edb816-label\" class=\"forminator-label\">Imi\u0119 <span class=\"forminator-required\">*<\/span><\/label><input type=\"text\" name=\"name-1\" value=\"\" placeholder=\"Na przyk\u0142ad: Jan\" id=\"forminator-field-name-1_6a07a18edb816\" class=\"forminator-input forminator-name--field\" aria-required=\"true\" autocomplete=\"name\" \/><\/div><\/div><\/div><div class=\"forminator-row\"><div id=\"email-1\" class=\"forminator-field-email forminator-col forminator-col-12 \"><div class=\"forminator-field\"><label for=\"forminator-field-email-1_6a07a18edb816\" id=\"forminator-field-email-1_6a07a18edb816-label\" class=\"forminator-label\">Adres e-mail <span class=\"forminator-required\">*<\/span><\/label><input type=\"email\" name=\"email-1\" value=\"\" placeholder=\"Na przyk\u0142ad: jan@kowalski.com\" id=\"forminator-field-email-1_6a07a18edb816\" class=\"forminator-input forminator-email--field\" data-required=\"true\" aria-required=\"true\" autocomplete=\"email\" \/><\/div><\/div><\/div><div class=\"forminator-row\"><div id=\"textarea-1\" class=\"forminator-field-textarea forminator-col forminator-col-12 \"><div class=\"forminator-field\"><span id=\"forminator-field-textarea-1_6a07a18edb816-description\" class=\"forminator-description\"><span data-limit=\"180\" data-type=\"characters\" data-editor=\"\">0 \/ 180<\/span><\/span><textarea name=\"textarea-1\" placeholder=\"Wpisz swoj\u0105 wiadomo\u015b\u0107...\" id=\"forminator-field-textarea-1_6a07a18edb816\" class=\"forminator-textarea\" rows=\"6\" style=\"--forminator-textarea-min-height:140px;\" maxlength=\"180\" ><\/textarea><\/div><\/div><\/div><div class=\"forminator-row\"><div id=\"captcha-1\" class=\"forminator-field-captcha forminator-col forminator-col-12 \"><div class=\"forminator-captcha-left forminator-g-recaptcha recaptcha-invisible\" data-theme=\"light\" data-badge=\"inline\" data-sitekey=\"6LdDPDgrAAAAAGpURhUgBYWmNW_Yk712WS502c2C\" data-size=\"invisible\"><\/div> <\/div><\/div><input type=\"hidden\" name=\"referer_url\" value=\"\" \/><div class=\"forminator-row forminator-row-last\"><div class=\"forminator-col\"><div class=\"forminator-field\"><button class=\"forminator-button forminator-button-submit\">Wy\u015blij wiadomo\u015b\u0107<\/button><\/div><\/div><\/div><input type=\"hidden\" id=\"forminator_nonce\" name=\"forminator_nonce\" value=\"5c2635c3d1\" \/><input type=\"hidden\" name=\"_wp_http_referer\" value=\"\/index.php\/wp-json\/wp\/v2\/pages\/19\" \/><input type=\"hidden\" name=\"form_id\" value=\"80\"><input type=\"hidden\" name=\"page_id\" value=\"19\"><input type=\"hidden\" name=\"form_type\" value=\"default\"><input type=\"hidden\" name=\"current_url\" value=\"https:\/\/fightmanclub.pl\/index.php\/kontakt\/\"><input type=\"hidden\" name=\"render_id\" value=\"0\"><input type=\"hidden\" name=\"action\" value=\"forminator_submit_form_custom-forms\"><\/form><\/p>\n<\/div><\/div>\n\n<\/div><\/div><\/div><\/div>\n\n<\/div><\/div>\n\n<style>.kb-google-maps-container19_980817-43{height:450px;margin-top:0px;margin-right:0px;margin-bottom:0px;margin-left:0px;padding-top:0px;padding-right:0px;padding-bottom:0px;padding-left:0px;}<\/style><div class=\"kb-google-maps-container kb-google-maps-container19_980817-43  wp-block-kadence-googlemaps\" data-mapid=\"19_98081743\"><iframe width=\"100%\" height=\"100%\"\n\t\t\t\t\t\t\tstyle=\"border:0\" loading=\"lazy\"\n\t\t\t\t\t\t\tsrc=\"https:\/\/www.google.com\/maps\/embed\/v1\/place?key=AIzaSyBAM2o7PiQqwk15LC1XRH2e_KJ-jUa7KYk&#038;zoom=14&#038;maptype=roadmap&#038;q=Ksi%C4%99cia+J%C3%B3zefa+Poniatowskiego+40%2C+Poziom+1%2C+32-700+Bochnia\"\n\t\t\t\t\t\t\ttitle=\"Mapa Google Ksi\u0119cia J\u00f3zefa Poniatowskiego 40, Poziom 1, 32-700 Bochnia\"><\/iframe><\/div><script>function kb_google_map19_98081743() { let center = { lat: 37.8201, lng: -122.4781}; let map = new google.maps.Map(document.getElementById(\"kb-google-map19_98081743\"), {\n\t\t\t\t\t    zoom: 14,\n\t\t\t\t\t    center: center,});let marker = new google.maps.Marker({   position: { lat: 37.8201, lng: -122.4781},    map: map,  });}<\/script>","protected":false},"excerpt":{"rendered":"<p>Kontakt Adres ul. Poniatowskiego 40, poziom -1,Wej\u015bcie od boku budynku32-700 Bochnia<\/p>\n","protected":false},"author":1,"featured_media":0,"parent":0,"menu_order":0,"comment_status":"closed","ping_status":"closed","template":"","meta":{"_kad_post_transparent":"disable","_kad_post_title":"hide","_kad_post_layout":"fullwidth","_kad_post_sidebar_id":"","_kad_post_content_style":"unboxed","_kad_post_vertical_padding":"","_kad_post_feature":"","_kad_post_feature_position":"","_kad_post_header":false,"_kad_post_footer":false,"_kad_post_classname":"","footnotes":""},"class_list":["post-19","page","type-page","status-publish","hentry"],"_links":{"self":[{"href":"https:\/\/fightmanclub.pl\/index.php\/wp-json\/wp\/v2\/pages\/19","targetHints":{"allow":["GET"]}}],"collection":[{"href":"https:\/\/fightmanclub.pl\/index.php\/wp-json\/wp\/v2\/pages"}],"about":[{"href":"https:\/\/fightmanclub.pl\/index.php\/wp-json\/wp\/v2\/types\/page"}],"author":[{"embeddable":true,"href":"https:\/\/fightmanclub.pl\/index.php\/wp-json\/wp\/v2\/users\/1"}],"replies":[{"embeddable":true,"href":"https:\/\/fightmanclub.pl\/index.php\/wp-json\/wp\/v2\/comments?post=19"}],"version-history":[{"count":14,"href":"https:\/\/fightmanclub.pl\/index.php\/wp-json\/wp\/v2\/pages\/19\/revisions"}],"predecessor-version":[{"id":103,"href":"https:\/\/fightmanclub.pl\/index.php\/wp-json\/wp\/v2\/pages\/19\/revisions\/103"}],"wp:attachment":[{"href":"https:\/\/fightmanclub.pl\/index.php\/wp-json\/wp\/v2\/media?parent=19"}],"curies":[{"name":"wp","href":"https:\/\/api.w.org\/{rel}","templated":true}]}}