{"id":12,"date":"2025-04-22T15:02:20","date_gmt":"2025-04-22T13:02:20","guid":{"rendered":"https:\/\/fightmanclub.pl\/?page_id=12"},"modified":"2025-05-13T15:19:25","modified_gmt":"2025-05-13T13:19:25","slug":"strona-glowna","status":"publish","type":"page","link":"https:\/\/fightmanclub.pl\/","title":{"rendered":"Strona g\u0142\u00f3wna"},"content":{"rendered":"<style>.kb-row-layout-id12_837f66-52 > .kt-row-column-wrap{align-content:end;}:where(.kb-row-layout-id12_837f66-52 > .kt-row-column-wrap) > .wp-block-kadence-column{justify-content:end;}.kb-row-layout-id12_837f66-52 > .kt-row-column-wrap{column-gap:var(--global-kb-gap-md, 2rem);row-gap:var(--global-kb-gap-md, 2rem);max-width:var( --global-content-width, 1290px );padding-left:var(--global-content-edge-padding);padding-right:var(--global-content-edge-padding);padding-top:var(--global-kb-spacing-xxl, 5rem);padding-bottom:var(--global-kb-spacing-xxl, 5rem);min-height:950px;grid-template-columns:minmax(0, 2fr) minmax(0, 1fr);}.kb-row-layout-id12_837f66-52{background-image:url('https:\/\/fightmanclub.pl\/wp-content\/uploads\/2025\/04\/IMG_9619-Kopiowanie.webp');background-size:cover;background-position:52% 28.999999999999996%;background-attachment:scroll;background-repeat:no-repeat;}.kb-row-layout-id12_837f66-52 > .kt-row-layout-overlay{opacity:0.60;background:linear-gradient(29deg,var(--global-palette8,#F7FAFC) 41%,rgba(247,250,252,0) 83%,rgba(247,250,252,0) 100%);}@media all and (max-width: 1024px){.kb-row-layout-id12_837f66-52 > .kt-row-column-wrap{padding-top:var(--global-kb-spacing-3xl, 6.5rem);padding-bottom:var(--global-kb-spacing-3xl, 6.5rem);min-height:950px;grid-template-columns:minmax(0, 1fr);}}@media all and (max-width: 767px){.kb-row-layout-id12_837f66-52 > .kt-row-column-wrap{grid-template-columns:minmax(0, 1fr);}}<\/style><div class=\"kb-row-layout-wrap kb-row-layout-id12_837f66-52 alignfull kt-row-has-bg wp-block-kadence-rowlayout\"><div class=\"kt-row-layout-overlay kt-row-overlay-gradient\"><\/div><div class=\"kt-row-column-wrap kt-has-2-columns kt-row-layout-left-golden kt-tab-layout-row kt-mobile-layout-row kt-row-valign-bottom kt-inner-column-height-full kb-theme-content-width\">\n<style>.kadence-column12_b1973e-da > .kt-inside-inner-col{padding-right:var(--global-kb-spacing-3xl, 6.5rem);}.kadence-column12_b1973e-da > .kt-inside-inner-col,.kadence-column12_b1973e-da > .kt-inside-inner-col:before{border-top-left-radius:0px;border-top-right-radius:0px;border-bottom-right-radius:0px;border-bottom-left-radius:0px;}.kadence-column12_b1973e-da > .kt-inside-inner-col{column-gap:var(--global-kb-gap-sm, 1rem);}.kadence-column12_b1973e-da > .kt-inside-inner-col{flex-direction:column;}.kadence-column12_b1973e-da > .kt-inside-inner-col > .aligncenter{width:100%;}.kadence-column12_b1973e-da > .kt-inside-inner-col:before{opacity:0.3;}.kadence-column12_b1973e-da{position:relative;}@media all and (max-width: 1024px){.kadence-column12_b1973e-da > .kt-inside-inner-col{padding-right:0px;flex-direction:column;justify-content:center;}}@media all and (max-width: 1024px){.kadence-column12_b1973e-da{text-align:center;}}@media all and (max-width: 767px){.kadence-column12_b1973e-da > .kt-inside-inner-col{flex-direction:column;justify-content:center;}}<\/style>\n<div class=\"wp-block-kadence-column kadence-column12_b1973e-da kb-section-dir-vertical inner-column-1\"><div class=\"kt-inside-inner-col\"><style>.wp-block-kadence-advancedheading.kt-adv-heading12_ddce4d-66, .wp-block-kadence-advancedheading.kt-adv-heading12_ddce4d-66[data-kb-block=\"kb-adv-heading12_ddce4d-66\"]{margin-top:0px;margin-bottom:var(--global-kb-spacing-lg, 3rem);font-size:var(--global-kb-font-size-xl, 3rem);line-height:1.2;font-style:normal;}.wp-block-kadence-advancedheading.kt-adv-heading12_ddce4d-66 mark.kt-highlight, .wp-block-kadence-advancedheading.kt-adv-heading12_ddce4d-66[data-kb-block=\"kb-adv-heading12_ddce4d-66\"] mark.kt-highlight{font-style:normal;color:#f76a0c;-webkit-box-decoration-break:clone;box-decoration-break:clone;padding-top:0px;padding-right:0px;padding-bottom:0px;padding-left:0px;}.wp-block-kadence-advancedheading.kt-adv-heading12_ddce4d-66 img.kb-inline-image, .wp-block-kadence-advancedheading.kt-adv-heading12_ddce4d-66[data-kb-block=\"kb-adv-heading12_ddce4d-66\"] img.kb-inline-image{width:150px;vertical-align:baseline;}@media all and (max-width: 1024px){.wp-block-kadence-advancedheading.kt-adv-heading12_ddce4d-66, .wp-block-kadence-advancedheading.kt-adv-heading12_ddce4d-66[data-kb-block=\"kb-adv-heading12_ddce4d-66\"]{text-align:center!important;}}<\/style>\n<h1 class=\"kt-adv-heading12_ddce4d-66 wp-block-kadence-advancedheading has-theme-palette-3-color has-text-color\" data-kb-block=\"kb-adv-heading12_ddce4d-66\">Fightman Club \u2013 Tw\u00f3j klub. Twoja si\u0142a.<\/h1>\n\n\n<style>.wp-block-kadence-advancedheading.kt-adv-heading12_2a27f8-53, .wp-block-kadence-advancedheading.kt-adv-heading12_2a27f8-53[data-kb-block=\"kb-adv-heading12_2a27f8-53\"]{font-style:normal;}.wp-block-kadence-advancedheading.kt-adv-heading12_2a27f8-53 mark.kt-highlight, .wp-block-kadence-advancedheading.kt-adv-heading12_2a27f8-53[data-kb-block=\"kb-adv-heading12_2a27f8-53\"] mark.kt-highlight{font-style:normal;color:#f76a0c;-webkit-box-decoration-break:clone;box-decoration-break:clone;padding-top:0px;padding-right:0px;padding-bottom:0px;padding-left:0px;}.wp-block-kadence-advancedheading.kt-adv-heading12_2a27f8-53 img.kb-inline-image, .wp-block-kadence-advancedheading.kt-adv-heading12_2a27f8-53[data-kb-block=\"kb-adv-heading12_2a27f8-53\"] img.kb-inline-image{width:150px;vertical-align:baseline;}@media all and (max-width: 1024px){.wp-block-kadence-advancedheading.kt-adv-heading12_2a27f8-53, .wp-block-kadence-advancedheading.kt-adv-heading12_2a27f8-53[data-kb-block=\"kb-adv-heading12_2a27f8-53\"]{text-align:center!important;}}<\/style>\n<p class=\"kt-adv-heading12_2a27f8-53 wp-block-kadence-advancedheading has-theme-palette-4-color has-text-color\" data-kb-block=\"kb-adv-heading12_2a27f8-53\">Treningi dla dzieci, m\u0142odzie\u017cy i doros\u0142ych \u2013 od rekreacji po zawodowe starty. Do\u0142\u0105cz do nas i przekonaj si\u0119, \u017ce walka zaczyna si\u0119 od decyzji!<\/p>\n\n\n<style>.wp-block-kadence-advancedbtn.kb-btns12_048e15-dd{gap:var(--global-kb-gap-sm, 1rem);justify-content:flex-start;align-items:center;}.kt-btns12_048e15-dd .kt-button{font-weight:normal;font-style:normal;}.kt-btns12_048e15-dd .kt-btn-wrap-0{margin-right:5px;}.wp-block-kadence-advancedbtn.kt-btns12_048e15-dd .kt-btn-wrap-0 .kt-button{color:#555555;border-color:#555555;}.wp-block-kadence-advancedbtn.kt-btns12_048e15-dd .kt-btn-wrap-0 .kt-button:hover, .wp-block-kadence-advancedbtn.kt-btns12_048e15-dd .kt-btn-wrap-0 .kt-button:focus{color:#ffffff;border-color:#444444;}.wp-block-kadence-advancedbtn.kt-btns12_048e15-dd .kt-btn-wrap-0 .kt-button::before{display:none;}.wp-block-kadence-advancedbtn.kt-btns12_048e15-dd .kt-btn-wrap-0 .kt-button:hover, .wp-block-kadence-advancedbtn.kt-btns12_048e15-dd .kt-btn-wrap-0 .kt-button:focus{background:#444444;}@media all and (max-width: 1024px){.wp-block-kadence-advancedbtn.kb-btns12_048e15-dd{justify-content:center;}}<\/style>\n<div class=\"wp-block-kadence-advancedbtn kb-buttons-wrap kb-btns12_048e15-dd\"><style>ul.menu .wp-block-kadence-advancedbtn .kb-btn12_e1309a-46.kb-button{width:initial;}<\/style><a class=\"kb-button kt-button button kb-btn12_e1309a-46 kt-btn-size-xlarge kt-btn-width-type-auto kb-btn-global-inherit  kt-btn-has-text-true kt-btn-has-svg-false  wp-block-button__link wp-block-kadence-singlebtn\" href=\"https:\/\/fightmanclub.pl\/index.php\/o-klubie\/\"><span class=\"kt-btn-inner-text\">O klubie<\/span><\/a>\n\n<style>ul.menu .wp-block-kadence-advancedbtn .kb-btn12_a62791-86.kb-button{width:initial;}.wp-block-kadence-advancedbtn .kb-btn12_a62791-86.kb-button{color:var(--global-palette3, #1A202C);border-top-color:var(--global-palette3, #1A202C);border-top-style:solid;border-right-color:var(--global-palette3, #1A202C);border-right-style:solid;border-bottom-color:var(--global-palette3, #1A202C);border-bottom-style:solid;border-left-color:var(--global-palette3, #1A202C);border-left-style:solid;}@media all and (max-width: 1024px){.wp-block-kadence-advancedbtn .kb-btn12_a62791-86.kb-button{border-top-color:var(--global-palette3, #1A202C);border-top-style:solid;border-right-color:var(--global-palette3, #1A202C);border-right-style:solid;border-bottom-color:var(--global-palette3, #1A202C);border-bottom-style:solid;border-left-color:var(--global-palette3, #1A202C);border-left-style:solid;}}@media all and (max-width: 767px){.wp-block-kadence-advancedbtn .kb-btn12_a62791-86.kb-button{border-top-color:var(--global-palette3, #1A202C);border-top-style:solid;border-right-color:var(--global-palette3, #1A202C);border-right-style:solid;border-bottom-color:var(--global-palette3, #1A202C);border-bottom-style:solid;border-left-color:var(--global-palette3, #1A202C);border-left-style:solid;}}<\/style><a class=\"kb-button kt-button button kb-btn12_a62791-86 kt-btn-size-xlarge kt-btn-width-type-auto kb-btn-global-outline  kt-btn-has-text-true kt-btn-has-svg-false  wp-block-kadence-singlebtn\" href=\"https:\/\/fightmanclub.pl\/index.php\/treningi\/\"><span class=\"kt-btn-inner-text\">Treningi<\/span><\/a><\/div>\n<\/div><\/div>\n\n\n<style>.kadence-column12_c505b3-87 > .kt-inside-inner-col,.kadence-column12_c505b3-87 > .kt-inside-inner-col:before{border-top-left-radius:0px;border-top-right-radius:0px;border-bottom-right-radius:0px;border-bottom-left-radius:0px;}.kadence-column12_c505b3-87 > .kt-inside-inner-col{column-gap:var(--global-kb-gap-sm, 1rem);}.kadence-column12_c505b3-87 > .kt-inside-inner-col{flex-direction:column;}.kadence-column12_c505b3-87 > .kt-inside-inner-col > .aligncenter{width:100%;}.kadence-column12_c505b3-87 > .kt-inside-inner-col:before{opacity:0.3;}.kadence-column12_c505b3-87{position:relative;}@media all and (max-width: 1024px){.kadence-column12_c505b3-87 > .kt-inside-inner-col{flex-direction:column;justify-content:center;}}@media all and (max-width: 767px){.kadence-column12_c505b3-87 > .kt-inside-inner-col{flex-direction:column;justify-content:center;}}<\/style>\n<div class=\"wp-block-kadence-column kadence-column12_c505b3-87 inner-column-2\"><div class=\"kt-inside-inner-col\"><\/div><\/div>\n\n<\/div><\/div>","protected":false},"excerpt":{"rendered":"<p>Fightman Club \u2013 Tw\u00f3j klub. Twoja si\u0142a. Treningi dla dzieci, m\u0142odzie\u017cy i doros\u0142ych \u2013 od rekreacji po zawodowe starty. Do\u0142\u0105cz do nas i przekonaj si\u0119, \u017ce walka zaczyna si\u0119 od decyzji!<\/p>\n","protected":false},"author":1,"featured_media":0,"parent":0,"menu_order":0,"comment_status":"closed","ping_status":"closed","template":"","meta":{"_kad_post_transparent":"disable","_kad_post_title":"hide","_kad_post_layout":"fullwidth","_kad_post_sidebar_id":"","_kad_post_content_style":"unboxed","_kad_post_vertical_padding":"hide","_kad_post_feature":"","_kad_post_feature_position":"","_kad_post_header":false,"_kad_post_footer":false,"_kad_post_classname":"","footnotes":""},"class_list":["post-12","page","type-page","status-publish","hentry"],"_links":{"self":[{"href":"https:\/\/fightmanclub.pl\/index.php\/wp-json\/wp\/v2\/pages\/12","targetHints":{"allow":["GET"]}}],"collection":[{"href":"https:\/\/fightmanclub.pl\/index.php\/wp-json\/wp\/v2\/pages"}],"about":[{"href":"https:\/\/fightmanclub.pl\/index.php\/wp-json\/wp\/v2\/types\/page"}],"author":[{"embeddable":true,"href":"https:\/\/fightmanclub.pl\/index.php\/wp-json\/wp\/v2\/users\/1"}],"replies":[{"embeddable":true,"href":"https:\/\/fightmanclub.pl\/index.php\/wp-json\/wp\/v2\/comments?post=12"}],"version-history":[{"count":30,"href":"https:\/\/fightmanclub.pl\/index.php\/wp-json\/wp\/v2\/pages\/12\/revisions"}],"predecessor-version":[{"id":147,"href":"https:\/\/fightmanclub.pl\/index.php\/wp-json\/wp\/v2\/pages\/12\/revisions\/147"}],"wp:attachment":[{"href":"https:\/\/fightmanclub.pl\/index.php\/wp-json\/wp\/v2\/media?parent=12"}],"curies":[{"name":"wp","href":"https:\/\/api.w.org\/{rel}","templated":true}]}}